{"id":518,"date":"2025-03-07T11:30:12","date_gmt":"2025-03-07T11:30:12","guid":{"rendered":"https:\/\/puhdasmuisto.com\/?page_id=518"},"modified":"2025-03-10T15:21:26","modified_gmt":"2025-03-10T15:21:26","slug":"hinnasto","status":"publish","type":"page","link":"https:\/\/puhdasmuisto.com\/?page_id=518","title":{"rendered":"Hinnasto"},"content":{"rendered":"<p>[et_pb_section fb_built=&#8221;1&#8243; _builder_version=&#8221;4.27.4&#8243; _module_preset=&#8221;default&#8221; background_color=&#8221;#eadac2&#8243; height_tablet=&#8221;&#8221; height_phone=&#8221;&#8221; height_last_edited=&#8221;on|desktop&#8221; locked=&#8221;off&#8221; global_colors_info=&#8221;{}&#8221;][et_pb_row _builder_version=&#8221;4.27.4&#8243; _module_preset=&#8221;default&#8221; custom_margin_tablet=&#8221;&#8221; custom_margin_phone=&#8221;0px||||false|false&#8221; custom_margin_last_edited=&#8221;on|phone&#8221; global_colors_info=&#8221;{}&#8221;][et_pb_column type=&#8221;4_4&#8243; _builder_version=&#8221;4.27.4&#8243; _module_preset=&#8221;default&#8221; global_colors_info=&#8221;{}&#8221;][et_pb_text content_tablet=&#8221;<\/p>\n<h1><strong>Palvelut<\/strong><\/h1>\n<p>&#8221; content_phone=&#8221;<\/p>\n<h1 style=%22text-align: center;%22><strong>Hinnasto<\/strong><\/h1>\n<p>&#8221; content_last_edited=&#8221;on|tablet&#8221; _builder_version=&#8221;4.27.4&#8243; _module_preset=&#8221;default&#8221; text_font=&#8221;EB Garamond||||||||&#8221; header_font=&#8221;&#8211;et_global_heading_font||||||||&#8221; header_text_align=&#8221;center&#8221; header_text_color=&#8221;#492302&#8243; header_font_size=&#8221;70px&#8221; custom_margin=&#8221;||||false|false&#8221; custom_margin_tablet=&#8221;60px||||false|false&#8221; custom_margin_phone=&#8221;0px||||false|false&#8221; custom_margin_last_edited=&#8221;on|phone&#8221; hover_enabled=&#8221;0&#8243; header_font_size_tablet=&#8221;85px&#8221; header_font_size_phone=&#8221;50px&#8221; header_font_size_last_edited=&#8221;on|phone&#8221; locked=&#8221;off&#8221; global_colors_info=&#8221;{}&#8221; sticky_enabled=&#8221;0&#8243;]<\/p>\n<h1><strong>Hinnasto<\/strong><\/h1>\n<p>[\/et_pb_text][et_pb_text content_tablet=&#8221;<\/p>\n<p style=%22text-align: center;%22><strong>Puhdistamme hautakivi\u00e4, niiden reunakivi\u00e4 ja muita muistomerkkej\u00e4 hautausmailla. Toimintaamme kuuluu my\u00f6s hautakivien tekstien korjaaminen sek\u00e4 vahvistaminen maalaamalla.<\/strong><\/p>\n<p>&#8221; content_phone=&#8221;<\/p>\n<p style=%22text-align: center;%22><strong>Hautakiven kunnostuksen hintaan vaikuttaa kiven materiaali sek\u00e4 koko. Esimerkiksi ep\u00e4tasaisen ja karhean hautakiven putsaukseen kuluu enempi aikaa kuin tasainen ja kiilt\u00e4v\u00e4n kiven putsaukseen ja siten my\u00f6s hinta on korkeampi. Hautakiven puhdistuksen hinta on alkaen 80\u20ac.<\/strong><\/p>\n<p style=%22text-align: center;%22><strong>Tekstien kunnostuksien ja maalaamisien hinta m\u00e4\u00e4r\u00e4ytyy vainajien nimien m\u00e4\u00e4r\u00e4n mukaan. Hinta alkaen 80\u20ac.<\/strong><\/p>\n<p style=%22text-align: center;%22><strong>L\u00e4het\u00e4 meille hautakivest\u00e4 kuva, niin l\u00e4het\u00e4mme sinulle hinta-arvion!<\/strong><\/p>\n<p>&#8221; content_last_edited=&#8221;on|phone&#8221; _builder_version=&#8221;4.27.4&#8243; _module_preset=&#8221;default&#8221; text_text_color=&#8221;#a4866c&#8221; text_font_size=&#8221;20px&#8221; text_line_height=&#8221;1.6em&#8221; custom_margin=&#8221;30px|100px||100px|false|false&#8221; custom_margin_tablet=&#8221;|100px||100px|false|false&#8221; custom_margin_phone=&#8221;|0px||0px|false|false&#8221; custom_margin_last_edited=&#8221;on|phone&#8221; locked=&#8221;off&#8221; global_colors_info=&#8221;{}&#8221;]<\/p>\n<p style=\"text-align: center;\"><strong>Hautakiven kunnostuksen hintaan vaikuttaa kiven materiaali sek\u00e4 koko. Esimerkiksi ep\u00e4tasaisen ja karhean hautakiven putsaukseen kuluu enempi aikaa kuin tasainen ja kiilt\u00e4v\u00e4n kiven putsaukseen ja siten my\u00f6s hinta on korkeampi. Hautakiven puhdistuksen hinta on alkaen 80\u20ac.<\/strong><\/p>\n<p style=\"text-align: center;\"><strong>Tekstien kunnostuksien ja maalaamisien hinta m\u00e4\u00e4r\u00e4ytyy vainajien nimien m\u00e4\u00e4r\u00e4n mukaan. Hinta alkaen 80\u20ac.<\/strong><\/p>\n<p style=\"text-align: center;\"><strong>L\u00e4het\u00e4 meille hautakivest\u00e4 kuva, niin l\u00e4het\u00e4mme sinulle hinta-arvion!<\/strong><\/p>\n<p>[\/et_pb_text][et_pb_button button_url=&#8221;@ET-DC@eyJkeW5hbWljIjp0cnVlLCJjb250ZW50IjoicG9zdF9saW5rX3VybF9wYWdlIiwic2V0dGluZ3MiOnsicG9zdF9pZCI6IjU4In19@&#8221; button_text=&#8221;ota yhteytt\u00e4&#8221; button_alignment=&#8221;center&#8221; button_alignment_tablet=&#8221;center&#8221; button_alignment_phone=&#8221;center&#8221; button_alignment_last_edited=&#8221;on|phone&#8221; _builder_version=&#8221;4.27.4&#8243; _dynamic_attributes=&#8221;button_url&#8221; _module_preset=&#8221;default&#8221; custom_button=&#8221;on&#8221; button_text_size=&#8221;26px&#8221; button_text_color=&#8221;#ffffff&#8221; button_bg_color=&#8221;#492302&#8243; button_border_width=&#8221;0px&#8221; button_border_radius=&#8221;100px&#8221; button_font=&#8221;Alata||||||||&#8221; button_use_icon=&#8221;off&#8221; custom_margin=&#8221;60px||||false|false&#8221; custom_margin_tablet=&#8221;60px||||false|false&#8221; custom_margin_phone=&#8221;50px||0px||false|false&#8221; custom_margin_last_edited=&#8221;on|phone&#8221; custom_padding=&#8221;6px|39px|13px|39px|false|false&#8221; custom_padding_tablet=&#8221;6px|39px|13px|39px|false|false&#8221; custom_padding_phone=&#8221;6px|39px|13px|39px|false|false&#8221; custom_padding_last_edited=&#8221;on|phone&#8221; button_text_size_tablet=&#8221;26px&#8221; button_text_size_phone=&#8221;26px&#8221; button_text_size_last_edited=&#8221;on|phone&#8221; global_colors_info=&#8221;{}&#8221;][\/et_pb_button][\/et_pb_column][\/et_pb_row][\/et_pb_section][et_pb_section fb_built=&#8221;1&#8243; custom_padding_last_edited=&#8221;on|phone&#8221; _builder_version=&#8221;4.27.4&#8243; _module_preset=&#8221;default&#8221; background_color=&#8221;#eadac2&#8243; custom_margin=&#8221;0px||0px||false|false&#8221; custom_padding=&#8221;0px||100px||false|false&#8221; custom_padding_tablet=&#8221;0px||100px||false|false&#8221; custom_padding_phone=&#8221;0px||0px||false|false&#8221; background_color_phone=&#8221;#FFFFFF&#8221; background_last_edited=&#8221;on|phone&#8221; background_enable_color_phone=&#8221;on&#8221; global_colors_info=&#8221;{}&#8221;][et_pb_row custom_padding_last_edited=&#8221;on|phone&#8221; _builder_version=&#8221;4.27.4&#8243; _module_preset=&#8221;default&#8221; background_color=&#8221;#FFFFFF&#8221; custom_padding=&#8221;40px||0px||false|false&#8221; custom_padding_tablet=&#8221;40px||0px||false|false&#8221; custom_padding_phone=&#8221;45px||10px||false|false&#8221; global_colors_info=&#8221;{}&#8221;][et_pb_column type=&#8221;4_4&#8243; _builder_version=&#8221;4.27.4&#8243; _module_preset=&#8221;default&#8221; global_colors_info=&#8221;{}&#8221;][et_pb_text content_tablet=&#8221;<\/p>\n<h2 style=%22text-align: center;%22><strong>Esimerkkej\u00e4 hinnoista<\/strong><\/h2>\n<p>&#8221; content_phone=&#8221;<\/p>\n<h2 style=%22text-align: center;%22><strong>Esimerkkej\u00e4 hinnoista<\/strong><\/h2>\n<p>&#8221; content_last_edited=&#8221;on|phone&#8221; _builder_version=&#8221;4.27.4&#8243; _module_preset=&#8221;default&#8221; text_font=&#8221;EB Garamond||||||||&#8221; header_font=&#8221;EB Garamond||||||||&#8221; header_text_align=&#8221;center&#8221; header_text_color=&#8221;#492302&#8243; header_font_size=&#8221;78px&#8221; header_2_font=&#8221;Alata||||||||&#8221; header_2_text_align=&#8221;left&#8221; header_2_text_color=&#8221;#492302&#8243; header_2_font_size=&#8221;37px&#8221; header_2_line_height=&#8221;1.3em&#8221; header_3_font=&#8221;&#8211;et_global_heading_font||||||||&#8221; header_3_text_align=&#8221;center&#8221; header_3_font_size=&#8221;40px&#8221; text_orientation=&#8221;center&#8221; custom_margin=&#8221;||||false|false&#8221; custom_margin_tablet=&#8221;60px||||false|false&#8221; custom_margin_phone=&#8221;0px||||false|false&#8221; custom_margin_last_edited=&#8221;on|phone&#8221; custom_padding=&#8221;||0px|50px|false|false&#8221; custom_padding_tablet=&#8221;||0px|50px|false|false&#8221; custom_padding_phone=&#8221;|||0px|false|false&#8221; custom_padding_last_edited=&#8221;on|phone&#8221; hover_enabled=&#8221;0&#8243; header_font_size_tablet=&#8221;85px&#8221; header_font_size_phone=&#8221;52px&#8221; header_font_size_last_edited=&#8221;on|phone&#8221; header_2_font_size_tablet=&#8221;85px&#8221; header_2_font_size_phone=&#8221;22px&#8221; header_2_font_size_last_edited=&#8221;on|phone&#8221; header_2_line_height_tablet=&#8221;1.3em&#8221; header_2_line_height_phone=&#8221;1.3em&#8221; header_2_line_height_last_edited=&#8221;on|phone&#8221; locked=&#8221;off&#8221; global_colors_info=&#8221;{}&#8221; sticky_enabled=&#8221;0&#8243;]<\/p>\n<h3 style=\"text-align: left;\"><strong>Esimerkkej\u00e4 hinnoista<\/strong><\/h3>\n<p>[\/et_pb_text][\/et_pb_column][\/et_pb_row][et_pb_row column_structure=&#8221;1_2,1_2&#8243; custom_padding_last_edited=&#8221;on|phone&#8221; _builder_version=&#8221;4.27.4&#8243; _module_preset=&#8221;default&#8221; background_color=&#8221;#FFFFFF&#8221; custom_margin=&#8221;||||false|false&#8221; custom_padding=&#8221;30px|50px|50px|50px|false|false&#8221; custom_padding_tablet=&#8221;30px|50px|50px|50px|false|false&#8221; custom_padding_phone=&#8221;15px|7px||7px|false|true&#8221; global_colors_info=&#8221;{}&#8221;][et_pb_column type=&#8221;1_2&#8243; _builder_version=&#8221;4.27.4&#8243; _module_preset=&#8221;default&#8221; global_colors_info=&#8221;{}&#8221;][et_pb_image src=&#8221;https:\/\/puhdasmuisto.com\/wp-content\/uploads\/2025\/01\/6.jpg&#8221; _builder_version=&#8221;4.27.4&#8243; _module_preset=&#8221;default&#8221; custom_margin=&#8221;||20px||false|false&#8221; global_colors_info=&#8221;{}&#8221;][\/et_pb_image][et_pb_text _builder_version=&#8221;4.27.4&#8243; _module_preset=&#8221;default&#8221; text_text_color=&#8221;#492302&#8243; global_colors_info=&#8221;{}&#8221;]<\/p>\n<p style=\"text-align: center;\"><strong>Puhdistus 80\u20ac<\/strong><\/p>\n<p>[\/et_pb_text][et_pb_image src=&#8221;https:\/\/puhdasmuisto.com\/wp-content\/uploads\/2025\/01\/3.jpg&#8221; _builder_version=&#8221;4.27.4&#8243; _module_preset=&#8221;default&#8221; custom_margin=&#8221;||20px||false|false&#8221; global_colors_info=&#8221;{}&#8221;][\/et_pb_image][et_pb_text _builder_version=&#8221;4.27.4&#8243; _module_preset=&#8221;default&#8221; text_text_color=&#8221;#492302&#8243; global_colors_info=&#8221;{}&#8221;]<\/p>\n<p style=\"text-align: center;\"><strong>Puhdistus 130\u20ac<\/strong><\/p>\n<p>[\/et_pb_text][et_pb_image src=&#8221;https:\/\/puhdasmuisto.com\/wp-content\/uploads\/2025\/01\/7.jpg&#8221; _builder_version=&#8221;4.27.4&#8243; _module_preset=&#8221;default&#8221; custom_margin=&#8221;||20px||false|false&#8221; custom_padding=&#8221;||0px||false|false&#8221; global_colors_info=&#8221;{}&#8221;][\/et_pb_image][et_pb_text _builder_version=&#8221;4.27.4&#8243; _module_preset=&#8221;default&#8221; text_text_color=&#8221;#492302&#8243; global_colors_info=&#8221;{}&#8221;]<\/p>\n<p style=\"text-align: center;\"><strong>Puhdistus 140\u20ac<\/strong><\/p>\n<p>[\/et_pb_text][et_pb_image src=&#8221;https:\/\/puhdasmuisto.com\/wp-content\/uploads\/2025\/01\/2.jpg&#8221; _builder_version=&#8221;4.27.4&#8243; _module_preset=&#8221;default&#8221; custom_margin=&#8221;||20px||false|false&#8221; global_colors_info=&#8221;{}&#8221;][\/et_pb_image][et_pb_text _builder_version=&#8221;4.27.4&#8243; _module_preset=&#8221;default&#8221; text_text_color=&#8221;#492302&#8243; global_colors_info=&#8221;{}&#8221;]<\/p>\n<p style=\"text-align: center;\"><strong>Puhdistus 130\u20ac, tekstien ja kortisteiden maalaus 320\u20ac<\/strong><\/p>\n<p>[\/et_pb_text][\/et_pb_column][et_pb_column type=&#8221;1_2&#8243; _builder_version=&#8221;4.27.4&#8243; _module_preset=&#8221;default&#8221; global_colors_info=&#8221;{}&#8221;][et_pb_image src=&#8221;https:\/\/puhdasmuisto.com\/wp-content\/uploads\/2025\/01\/4.jpg&#8221; _builder_version=&#8221;4.27.4&#8243; _module_preset=&#8221;default&#8221; custom_margin=&#8221;||20px||false|false&#8221; global_colors_info=&#8221;{}&#8221;][\/et_pb_image][et_pb_text _builder_version=&#8221;4.27.4&#8243; _module_preset=&#8221;default&#8221; text_text_color=&#8221;#492302&#8243; global_colors_info=&#8221;{}&#8221;]<\/p>\n<p style=\"text-align: center;\"><strong>Puhdistus 90\u20ac<\/strong><\/p>\n<p>[\/et_pb_text][et_pb_image src=&#8221;https:\/\/puhdasmuisto.com\/wp-content\/uploads\/2025\/01\/9.jpg&#8221; _builder_version=&#8221;4.27.4&#8243; _module_preset=&#8221;default&#8221; custom_margin=&#8221;||20px||false|false&#8221; global_colors_info=&#8221;{}&#8221;][\/et_pb_image][et_pb_text _builder_version=&#8221;4.27.4&#8243; _module_preset=&#8221;default&#8221; text_text_color=&#8221;#492302&#8243; global_colors_info=&#8221;{}&#8221;]<\/p>\n<p style=\"text-align: center;\"><strong>Puhdistus 140\u20ac<\/strong><\/p>\n<p>[\/et_pb_text][et_pb_image src=&#8221;https:\/\/puhdasmuisto.com\/wp-content\/uploads\/2025\/01\/10.jpg&#8221; _builder_version=&#8221;4.27.4&#8243; _module_preset=&#8221;default&#8221; custom_margin=&#8221;||20px||false|false&#8221; global_colors_info=&#8221;{}&#8221;][\/et_pb_image][et_pb_text _builder_version=&#8221;4.27.4&#8243; _module_preset=&#8221;default&#8221; text_text_color=&#8221;#492302&#8243; global_colors_info=&#8221;{}&#8221;]<\/p>\n<p style=\"text-align: center;\"><strong>Puhdistus 160\u20ac<\/strong><\/p>\n<p>[\/et_pb_text][et_pb_image src=&#8221;https:\/\/puhdasmuisto.com\/wp-content\/uploads\/2025\/01\/hautakivi-1920-x-1000-px.jpg&#8221; _builder_version=&#8221;4.27.4&#8243; _module_preset=&#8221;default&#8221; custom_margin=&#8221;||20px||false|false&#8221; global_colors_info=&#8221;{}&#8221;][\/et_pb_image][et_pb_text _builder_version=&#8221;4.27.4&#8243; _module_preset=&#8221;default&#8221; text_text_color=&#8221;#492302&#8243; global_colors_info=&#8221;{}&#8221;]<\/p>\n<p style=\"text-align: center;\"><strong>Puhdistus 150\u20ac, tekstien maalaus 350\u20ac<\/strong><\/p>\n<p>[\/et_pb_text][\/et_pb_column][\/et_pb_row][\/et_pb_section]<\/p>\n","protected":false},"excerpt":{"rendered":"<p>HinnastoHautakiven kunnostuksen hintaan vaikuttaa kiven materiaali sek\u00e4 koko. Esimerkiksi ep\u00e4tasaisen ja karhean hautakiven putsaukseen kuluu enempi aikaa kuin tasainen ja kiilt\u00e4v\u00e4n kiven putsaukseen ja siten my\u00f6s hinta on korkeampi. Hautakiven puhdistuksen hinta on alkaen 80\u20ac. Tekstien kunnostuksien ja maalaamisien hinta m\u00e4\u00e4r\u00e4ytyy vainajien nimien m\u00e4\u00e4r\u00e4n mukaan. Hinta alkaen 80\u20ac. L\u00e4het\u00e4 meille hautakivest\u00e4 kuva, niin l\u00e4het\u00e4mme sinulle [&hellip;]<\/p>\n","protected":false},"author":1,"featured_media":0,"parent":0,"menu_order":0,"comment_status":"closed","ping_status":"closed","template":"","meta":{"_et_pb_use_builder":"on","_et_pb_old_content":"","_et_gb_content_width":"","footnotes":""},"class_list":["post-518","page","type-page","status-publish","hentry"],"_links":{"self":[{"href":"https:\/\/puhdasmuisto.com\/index.php?rest_route=\/wp\/v2\/pages\/518","targetHints":{"allow":["GET"]}}],"collection":[{"href":"https:\/\/puhdasmuisto.com\/index.php?rest_route=\/wp\/v2\/pages"}],"about":[{"href":"https:\/\/puhdasmuisto.com\/index.php?rest_route=\/wp\/v2\/types\/page"}],"author":[{"embeddable":true,"href":"https:\/\/puhdasmuisto.com\/index.php?rest_route=\/wp\/v2\/users\/1"}],"replies":[{"embeddable":true,"href":"https:\/\/puhdasmuisto.com\/index.php?rest_route=%2Fwp%2Fv2%2Fcomments&post=518"}],"version-history":[{"count":58,"href":"https:\/\/puhdasmuisto.com\/index.php?rest_route=\/wp\/v2\/pages\/518\/revisions"}],"predecessor-version":[{"id":979,"href":"https:\/\/puhdasmuisto.com\/index.php?rest_route=\/wp\/v2\/pages\/518\/revisions\/979"}],"wp:attachment":[{"href":"https:\/\/puhdasmuisto.com\/index.php?rest_route=%2Fwp%2Fv2%2Fmedia&parent=518"}],"curies":[{"name":"wp","href":"https:\/\/api.w.org\/{rel}","templated":true}]}}