{"id":42,"date":"2025-01-22T14:57:06","date_gmt":"2025-01-22T14:57:06","guid":{"rendered":"https:\/\/puhdasmuisto.com\/?page_id=42"},"modified":"2025-03-14T21:36:26","modified_gmt":"2025-03-14T21:36:26","slug":"meista","status":"publish","type":"page","link":"https:\/\/puhdasmuisto.com\/?page_id=42","title":{"rendered":"Meist\u00e4"},"content":{"rendered":"<p>[et_pb_section fb_built=&#8221;1&#8243; _builder_version=&#8221;4.27.4&#8243; _module_preset=&#8221;default&#8221; background_color=&#8221;#eadac2&#8243; height_tablet=&#8221;&#8221; height_phone=&#8221;&#8221; height_last_edited=&#8221;on|desktop&#8221; locked=&#8221;off&#8221; global_colors_info=&#8221;{}&#8221;][et_pb_row _builder_version=&#8221;4.27.4&#8243; _module_preset=&#8221;default&#8221; global_colors_info=&#8221;{}&#8221;][et_pb_column type=&#8221;4_4&#8243; _builder_version=&#8221;4.27.4&#8243; _module_preset=&#8221;default&#8221; global_colors_info=&#8221;{}&#8221;][et_pb_text _builder_version=&#8221;4.27.4&#8243; _module_preset=&#8221;default&#8221; text_font=&#8221;EB Garamond||||||||&#8221; header_font=&#8221;&#8211;et_global_heading_font||||||||&#8221; header_text_align=&#8221;center&#8221; header_text_color=&#8221;#492302&#8243; header_font_size=&#8221;70px&#8221; custom_margin=&#8221;80px||||false|false&#8221; custom_margin_tablet=&#8221;60px||||false|false&#8221; custom_margin_phone=&#8221;50px|15px||15px|false|false&#8221; custom_margin_last_edited=&#8221;on|phone&#8221; hover_enabled=&#8221;0&#8243; header_font_size_tablet=&#8221;85px&#8221; header_font_size_phone=&#8221;50px&#8221; header_font_size_last_edited=&#8221;on|phone&#8221; locked=&#8221;off&#8221; global_colors_info=&#8221;{}&#8221; sticky_enabled=&#8221;0&#8243;]<\/p>\n<h1><strong>Tarinamme<\/strong><\/h1>\n<p>[\/et_pb_text][\/et_pb_column][\/et_pb_row][\/et_pb_section][et_pb_section fb_built=&#8221;1&#8243; custom_padding_last_edited=&#8221;on|desktop&#8221; _builder_version=&#8221;4.27.4&#8243; _module_preset=&#8221;default&#8221; background_color=&#8221;#eadac2&#8243; custom_margin=&#8221;0px||0px||false|false&#8221; custom_margin_tablet=&#8221;0px||0px||false|false&#8221; custom_margin_phone=&#8221;0px||0px||false|false&#8221; custom_margin_last_edited=&#8221;on|tablet&#8221; custom_padding=&#8221;||||false|false&#8221; custom_padding_tablet=&#8221;||140px||false|false&#8221; custom_padding_phone=&#8221;||0px||false|false&#8221; hover_enabled=&#8221;0&#8243; global_colors_info=&#8221;{}&#8221; sticky_enabled=&#8221;0&#8243;][et_pb_row _builder_version=&#8221;4.27.4&#8243; _module_preset=&#8221;default&#8221; background_color=&#8221;#FFFFFF&#8221; width=&#8221;100%&#8221; width_tablet=&#8221;90%&#8221; width_phone=&#8221;90%&#8221; width_last_edited=&#8221;on|phone&#8221; max_width=&#8221;1200px&#8221; max_width_tablet=&#8221;1200px&#8221; max_width_phone=&#8221;&#8221; max_width_last_edited=&#8221;on|phone&#8221; custom_margin=&#8221;||0px||false|false&#8221; custom_padding=&#8221;||0px||false|false&#8221; border_radii=&#8221;on|60px|60px|60px|60px&#8221; global_colors_info=&#8221;{}&#8221;][et_pb_column type=&#8221;4_4&#8243; _builder_version=&#8221;4.27.4&#8243; _module_preset=&#8221;default&#8221; global_colors_info=&#8221;{}&#8221;][et_pb_text content_tablet=&#8221;<\/p>\n<h2><strong>Puhdistus<\/strong><\/h2>\n<p>&#8221; content_phone=&#8221;<\/p>\n<h2 style=%22text-align: left;%22><strong>Keit\u00e4 olemme?<\/strong><\/h2>\n<p>&#8221; content_last_edited=&#8221;on|phone&#8221; _builder_version=&#8221;4.27.4&#8243; _module_preset=&#8221;default&#8221; text_font=&#8221;EB Garamond||||||||&#8221; header_font=&#8221;EB Garamond||||||||&#8221; header_text_align=&#8221;center&#8221; header_text_color=&#8221;#492302&#8243; header_font_size=&#8221;78px&#8221; header_2_font=&#8221;&#8211;et_global_heading_font||||||||&#8221; header_2_text_color=&#8221;#492302&#8243; header_2_font_size=&#8221;55px&#8221; custom_margin=&#8221;auto|||60px|false|false&#8221; custom_margin_tablet=&#8221;60px||||false|false&#8221; custom_margin_phone=&#8221;30px|0px||40px|false|false&#8221; custom_margin_last_edited=&#8221;on|phone&#8221; custom_padding=&#8221;45px||||false|false&#8221; custom_padding_tablet=&#8221;0px||||false|false&#8221; custom_padding_phone=&#8221;0px||||false|false&#8221; custom_padding_last_edited=&#8221;on|phone&#8221; hover_enabled=&#8221;0&#8243; header_font_size_tablet=&#8221;85px&#8221; header_font_size_phone=&#8221;52px&#8221; header_font_size_last_edited=&#8221;on|phone&#8221; header_2_font_size_tablet=&#8221;85px&#8221; header_2_font_size_phone=&#8221;40px&#8221; header_2_font_size_last_edited=&#8221;on|phone&#8221; text_orientation_tablet=&#8221;center&#8221; text_orientation_phone=&#8221;&#8221; text_orientation_last_edited=&#8221;on|phone&#8221; locked=&#8221;off&#8221; global_colors_info=&#8221;{}&#8221; sticky_enabled=&#8221;0&#8243;]<\/p>\n<h2 style=\"text-align: center;\"><strong>Keit\u00e4 olemme?<\/strong><\/h2>\n<p>[\/et_pb_text][et_pb_text content_tablet=&#8221;<\/p>\n<p style=%22text-align: center;%22>Olemme Ursula Salakari ja Aino Havia. Yst\u00e4vyytemme alkoi, kun p\u00e4\u00e4simme sattumalta samalle luokalle yl\u00e4asteella. Siit\u00e4 l\u00e4hdimme my\u00f6s samaan lukioon opiskelemaan. Lukiosta valmistuttua, mietimme, mit\u00e4 kes\u00e4t\u00f6it\u00e4 sit\u00e4 keksisi tulevalle kes\u00e4lle.<\/p>\n<p style=%22text-align: center;%22>Molemmat meist\u00e4 olivat kasvaneet yritt\u00e4j\u00e4perheess\u00e4. Niihin hommiin l\u00e4hteminen ei siis pelottanut. Kev\u00e4\u00e4n mietitty\u00e4, Ursula p\u00e4\u00e4tti soittaa Ainolle ja kys\u00e4ist\u00e4, kiinnostaisiko l\u00e4hte\u00e4 toiminimiyritt\u00e4jin\u00e4 tekem\u00e4\u00e4n jotain hommia yhdess\u00e4. Siihen Aino sitten tuumasi, miettineens\u00e4 viime aikoina my\u00f6s yrityksen perustamista. Papan haudalla ollessaan Ainolle oli v\u00e4l\u00e4ht\u00e4nyt mieleen hautakivien puhdistuksen suuri tarve. Aino kertoi t\u00e4st\u00e4 ideasta Ursulalle. Ursulan mielest\u00e4 Ainon idea oli loistava.<\/p>\n<p style=%22text-align: center;%22>Yhdess\u00e4 me sitten l\u00e4hdimme yrityst\u00e4 perustamaan, tiet\u00e4m\u00e4tt\u00e4 tulevasta. Ensimm\u00e4isen\u00e4 ty\u00f6nt\u00e4yteisen\u00e4 kes\u00e4n\u00e4 olimme vasta 17-vuotiaita. Seuraavana kes\u00e4n\u00e4 laajensimme toimintaan Pirkanmaalta my\u00f6s muihin maakuntiin. My\u00f6hemmin aloimme tekem\u00e4\u00e4n my\u00f6s hautakivien tekstien korjauksia. Nyt meill\u00e4 on alkamassa jo viides kes\u00e4 saman ty\u00f6n parissa.<\/p>\n<p style=%22text-align: center;%22>&#8221; content_phone=&#8221;<\/p>\n<p style=%22text-align: left;%22>Olemme Ursula Salakari ja Aino Havia. Yst\u00e4vyytemme alkoi, kun p\u00e4\u00e4simme sattumalta samalle luokalle yl\u00e4asteella. Siit\u00e4 l\u00e4hdimme my\u00f6s samaan lukioon opiskelemaan. Lukiosta valmistuttua, mietimme, mit\u00e4 kes\u00e4t\u00f6it\u00e4 sit\u00e4 keksisi tulevalle kes\u00e4lle.<\/p>\n<p style=%22text-align: left;%22>Molemmat meist\u00e4 olivat kasvaneet yritt\u00e4j\u00e4perheess\u00e4. Niihin hommiin l\u00e4hteminen ei siis pelottanut. Kev\u00e4\u00e4n mietitty\u00e4, Ursula p\u00e4\u00e4tti soittaa Ainolle ja kys\u00e4ist\u00e4, kiinnostaisiko l\u00e4hte\u00e4 toiminimiyritt\u00e4jin\u00e4 tekem\u00e4\u00e4n jotain hommia yhdess\u00e4. Siihen Aino sitten tuumasi, miettineens\u00e4 viime aikoina my\u00f6s yrityksen perustamista. Papan haudalla ollessaan Ainolle oli v\u00e4l\u00e4ht\u00e4nyt mieleen hautakivien puhdistuksen suuri tarve. Aino kertoi t\u00e4st\u00e4 ideasta Ursulalle. Ursulan mielest\u00e4 Ainon idea oli loistava.<\/p>\n<p style=%22text-align: left;%22>Yhdess\u00e4 me sitten l\u00e4hdimme yrityst\u00e4 perustamaan, tiet\u00e4m\u00e4tt\u00e4 tulevasta. Ensimm\u00e4isen\u00e4 ty\u00f6nt\u00e4yteisen\u00e4 kes\u00e4n\u00e4 olimme vasta 17-vuotiaita. Seuraavana kes\u00e4n\u00e4 laajensimme toimintaan Pirkanmaalta my\u00f6s muihin maakuntiin. My\u00f6hemmin aloimme tekem\u00e4\u00e4n my\u00f6s hautakivien tekstien korjauksia. Nyt meill\u00e4 on alkamassa jo viides kes\u00e4 saman ty\u00f6n parissa.<\/p>\n<p>&nbsp;<\/p>\n<p>&#8221; content_last_edited=&#8221;on|phone&#8221; _builder_version=&#8221;4.27.4&#8243; _module_preset=&#8221;default&#8221; text_font=&#8221;Arial||||||||&#8221; text_text_color=&#8221;rgba(43,20,0,0.82)&#8221; text_font_size=&#8221;18px&#8221; text_line_height=&#8221;1.6em&#8221; custom_margin=&#8221;|100px|30px|100px|false|true&#8221; custom_margin_tablet=&#8221;|100px||100px|false|false&#8221; custom_margin_phone=&#8221;|40px|20px|40px|false|false&#8221; custom_margin_last_edited=&#8221;on|phone&#8221; hover_enabled=&#8221;0&#8243; text_orientation_tablet=&#8221;&#8221; text_orientation_phone=&#8221;center&#8221; text_orientation_last_edited=&#8221;on|phone&#8221; locked=&#8221;off&#8221; global_colors_info=&#8221;{}&#8221; sticky_enabled=&#8221;0&#8243;]<\/p>\n<p style=\"text-align: center;\">Olemme Ursula Salakari ja Aino Havia. Yst\u00e4vyytemme alkoi, kun p\u00e4\u00e4simme sattumalta samalle luokalle yl\u00e4asteella. Siit\u00e4 l\u00e4hdimme my\u00f6s samaan lukioon opiskelemaan. Lukiosta valmistuttua, mietimme, mit\u00e4 kes\u00e4t\u00f6it\u00e4 sit\u00e4 keksisi tulevalle kes\u00e4lle.<\/p>\n<p style=\"text-align: center;\">Molemmat meist\u00e4 olivat kasvaneet yritt\u00e4j\u00e4perheess\u00e4. Niihin hommiin l\u00e4hteminen ei siis pelottanut. Kev\u00e4\u00e4n mietitty\u00e4, Ursula p\u00e4\u00e4tti soittaa Ainolle ja kys\u00e4ist\u00e4, kiinnostaisiko l\u00e4hte\u00e4 toiminimiyritt\u00e4jin\u00e4 tekem\u00e4\u00e4n jotain hommia yhdess\u00e4. Siihen Aino sitten tuumasi, miettineens\u00e4 viime aikoina my\u00f6s yrityksen perustamista. Papan haudalla ollessaan Ainolle oli v\u00e4l\u00e4ht\u00e4nyt mieleen hautakivien puhdistuksen suuri tarve. Aino kertoi t\u00e4st\u00e4 ideasta Ursulalle. Ursulan mielest\u00e4 Ainon idea oli loistava.<\/p>\n<p style=\"text-align: center;\">Yhdess\u00e4 me sitten l\u00e4hdimme yrityst\u00e4 perustamaan, tiet\u00e4m\u00e4tt\u00e4 tulevasta. Ensimm\u00e4isen\u00e4 ty\u00f6nt\u00e4yteisen\u00e4 kes\u00e4n\u00e4 olimme vasta 17-vuotiaita. Seuraavana kes\u00e4n\u00e4 laajensimme toimintaan Pirkanmaalta my\u00f6s muihin maakuntiin. My\u00f6hemmin aloimme tekem\u00e4\u00e4n my\u00f6s hautakivien tekstien korjauksia. Nyt meill\u00e4 on alkamassa jo viides kes\u00e4 saman ty\u00f6n parissa.<\/p>\n<p style=\"text-align: center;\">[\/et_pb_text][et_pb_image src=&#8221;https:\/\/puhdasmuisto.com\/wp-content\/uploads\/2025\/03\/Nimeton-malli.jpg&#8221; align=&#8221;center&#8221; force_fullwidth=&#8221;on&#8221; src_tablet=&#8221;https:\/\/puhdasmuisto.com\/wp-content\/uploads\/2025\/03\/Nimeton-malli.jpg&#8221; src_phone=&#8221;https:\/\/puhdasmuisto.com\/wp-content\/uploads\/2025\/03\/Pm-kuva.jpg&#8221; src_last_edited=&#8221;on|phone&#8221; _builder_version=&#8221;4.27.4&#8243; _module_preset=&#8221;default&#8221; custom_margin=&#8221;||0px||false|false&#8221; custom_padding=&#8221;||0px||false|false&#8221; border_radii=&#8221;off|||60px|60px&#8221; global_colors_info=&#8221;{}&#8221;][\/et_pb_image][\/et_pb_column][\/et_pb_row][\/et_pb_section][et_pb_section fb_built=&#8221;1&#8243; custom_padding_last_edited=&#8221;on|desktop&#8221; _builder_version=&#8221;4.27.4&#8243; _module_preset=&#8221;default&#8221; background_color=&#8221;#eadac2&#8243; custom_margin=&#8221;0px||0px||false|false&#8221; custom_margin_tablet=&#8221;0px||0px||false|false&#8221; custom_margin_phone=&#8221;auto||0px||false|false&#8221; custom_margin_last_edited=&#8221;on|tablet&#8221; custom_padding=&#8221;0px||100px||false|false&#8221; custom_padding_tablet=&#8221;||140px||false|false&#8221; custom_padding_phone=&#8221;||70px||false|false&#8221; hover_enabled=&#8221;0&#8243; global_colors_info=&#8221;{}&#8221; sticky_enabled=&#8221;0&#8243;][et_pb_row column_structure=&#8221;1_2,1_2&#8243; custom_padding_last_edited=&#8221;on|phone&#8221; _builder_version=&#8221;4.27.4&#8243; _module_preset=&#8221;default&#8221; width=&#8221;83%&#8221; max_width=&#8221;2560px&#8221; custom_margin_tablet=&#8221;&#8221; custom_margin_phone=&#8221;||||false|false&#8221; custom_margin_last_edited=&#8221;on|phone&#8221; custom_padding_tablet=&#8221;&#8221; custom_padding_phone=&#8221;||||false|false&#8221; hover_enabled=&#8221;0&#8243; global_colors_info=&#8221;{}&#8221; sticky_enabled=&#8221;0&#8243; width_last_edited=&#8221;on|phone&#8221; width_phone=&#8221;90%&#8221; width_tablet=&#8221;83%&#8221;][et_pb_column type=&#8221;1_2&#8243; _builder_version=&#8221;4.27.4&#8243; _module_preset=&#8221;default&#8221; global_colors_info=&#8221;{}&#8221;][et_pb_image src=&#8221;https:\/\/puhdasmuisto.com\/wp-content\/uploads\/2025\/03\/hyva-kuva-scaled.jpeg&#8221; _builder_version=&#8221;4.27.4&#8243; _module_preset=&#8221;default&#8221; border_radii=&#8221;on|60px|60px|60px|60px&#8221; global_colors_info=&#8221;{}&#8221;][\/et_pb_image][\/et_pb_column][et_pb_column type=&#8221;1_2&#8243; _builder_version=&#8221;4.27.4&#8243; _module_preset=&#8221;default&#8221; global_colors_info=&#8221;{}&#8221;][et_pb_image src=&#8221;https:\/\/puhdasmuisto.com\/wp-content\/uploads\/2025\/03\/kuva1-scaled.jpeg&#8221; _builder_version=&#8221;4.27.4&#8243; _module_preset=&#8221;default&#8221; border_radii=&#8221;on|60px|60px|60px|60px&#8221; global_colors_info=&#8221;{}&#8221;][\/et_pb_image][\/et_pb_column][\/et_pb_row][et_pb_row column_structure=&#8221;1_2,1_2&#8243; custom_padding_last_edited=&#8221;on|phone&#8221; _builder_version=&#8221;4.27.4&#8243; _module_preset=&#8221;default&#8221; width=&#8221;83%&#8221; max_width=&#8221;2560px&#8221; custom_margin_tablet=&#8221;&#8221; custom_margin_phone=&#8221;0px||||false|false&#8221; custom_margin_last_edited=&#8221;on|phone&#8221; custom_padding_tablet=&#8221;&#8221; custom_padding_phone=&#8221;0px||||false|false&#8221; hover_enabled=&#8221;0&#8243; global_colors_info=&#8221;{}&#8221; width_last_edited=&#8221;on|phone&#8221; width_phone=&#8221;90%&#8221; sticky_enabled=&#8221;0&#8243; width_tablet=&#8221;83%&#8221;][et_pb_column type=&#8221;1_2&#8243; _builder_version=&#8221;4.27.4&#8243; _module_preset=&#8221;default&#8221; global_colors_info=&#8221;{}&#8221;][et_pb_image src=&#8221;https:\/\/puhdasmuisto.com\/wp-content\/uploads\/2025\/03\/ph2.jpeg&#8221; _builder_version=&#8221;4.27.4&#8243; _module_preset=&#8221;default&#8221; border_radii=&#8221;on|60px|60px|60px|60px&#8221; global_colors_info=&#8221;{}&#8221;][\/et_pb_image][\/et_pb_column][et_pb_column type=&#8221;1_2&#8243; _builder_version=&#8221;4.27.4&#8243; _module_preset=&#8221;default&#8221; global_colors_info=&#8221;{}&#8221;][et_pb_image src=&#8221;https:\/\/puhdasmuisto.com\/wp-content\/uploads\/2025\/03\/ph1.jpeg&#8221; _builder_version=&#8221;4.27.4&#8243; _module_preset=&#8221;default&#8221; border_radii=&#8221;on|60px|60px|60px|60px&#8221; global_colors_info=&#8221;{}&#8221;][\/et_pb_image][et_pb_text content_tablet=&#8221;<\/p>\n<p style=%22text-align: center;%22>Ty\u00f6n tekeminen hoituu s\u00e4\u00e4ss\u00e4 kuin s\u00e4\u00e4ss\u00e4! \ud83d\ude42<\/p>\n<p>&#8221; content_phone=&#8221;<\/p>\n<p style=%22text-align: center;%22>Ty\u00f6n tekeminen hoituu s\u00e4\u00e4ss\u00e4 kuin s\u00e4\u00e4ss\u00e4! \ud83d\ude42<\/p>\n<p>&#8221; content_last_edited=&#8221;on|desktop&#8221; _builder_version=&#8221;4.27.4&#8243; _module_preset=&#8221;default&#8221; text_font=&#8221;&#8211;et_global_body_font||||||||&#8221; text_font_size=&#8221;18px&#8221; global_colors_info=&#8221;{}&#8221;]<\/p>\n<p style=\"text-align: center;\">Ty\u00f6n tekeminen hoituu s\u00e4\u00e4ss\u00e4 kuin s\u00e4\u00e4ss\u00e4! \ud83d\ude42<\/p>\n<p>[\/et_pb_text][\/et_pb_column][\/et_pb_row][\/et_pb_section]<\/p>\n","protected":false},"excerpt":{"rendered":"<p>TarinammeKeit\u00e4 olemme?Olemme Ursula Salakari ja Aino Havia. Yst\u00e4vyytemme alkoi, kun p\u00e4\u00e4simme sattumalta samalle luokalle yl\u00e4asteella. Siit\u00e4 l\u00e4hdimme my\u00f6s samaan lukioon opiskelemaan. Lukiosta valmistuttua, mietimme, mit\u00e4 kes\u00e4t\u00f6it\u00e4 sit\u00e4 keksisi tulevalle kes\u00e4lle. Molemmat meist\u00e4 olivat kasvaneet yritt\u00e4j\u00e4perheess\u00e4. Niihin hommiin l\u00e4hteminen ei siis pelottanut. Kev\u00e4\u00e4n mietitty\u00e4, Ursula p\u00e4\u00e4tti soittaa Ainolle ja kys\u00e4ist\u00e4, kiinnostaisiko l\u00e4hte\u00e4 toiminimiyritt\u00e4jin\u00e4 tekem\u00e4\u00e4n jotain hommia [&hellip;]<\/p>\n","protected":false},"author":1,"featured_media":0,"parent":0,"menu_order":0,"comment_status":"closed","ping_status":"closed","template":"","meta":{"_et_pb_use_builder":"on","_et_pb_old_content":"","_et_gb_content_width":"","footnotes":""},"class_list":["post-42","page","type-page","status-publish","hentry"],"_links":{"self":[{"href":"https:\/\/puhdasmuisto.com\/index.php?rest_route=\/wp\/v2\/pages\/42","targetHints":{"allow":["GET"]}}],"collection":[{"href":"https:\/\/puhdasmuisto.com\/index.php?rest_route=\/wp\/v2\/pages"}],"about":[{"href":"https:\/\/puhdasmuisto.com\/index.php?rest_route=\/wp\/v2\/types\/page"}],"author":[{"embeddable":true,"href":"https:\/\/puhdasmuisto.com\/index.php?rest_route=\/wp\/v2\/users\/1"}],"replies":[{"embeddable":true,"href":"https:\/\/puhdasmuisto.com\/index.php?rest_route=%2Fwp%2Fv2%2Fcomments&post=42"}],"version-history":[{"count":98,"href":"https:\/\/puhdasmuisto.com\/index.php?rest_route=\/wp\/v2\/pages\/42\/revisions"}],"predecessor-version":[{"id":1205,"href":"https:\/\/puhdasmuisto.com\/index.php?rest_route=\/wp\/v2\/pages\/42\/revisions\/1205"}],"wp:attachment":[{"href":"https:\/\/puhdasmuisto.com\/index.php?rest_route=%2Fwp%2Fv2%2Fmedia&parent=42"}],"curies":[{"name":"wp","href":"https:\/\/api.w.org\/{rel}","templated":true}]}}